{"id":5186,"date":"2021-04-11T03:04:19","date_gmt":"2021-04-11T03:04:19","guid":{"rendered":"https:\/\/conopo.com.ve\/sitio\/?post_type=product&#038;p=5186"},"modified":"2026-02-12T19:04:18","modified_gmt":"2026-02-12T19:04:18","slug":"pendones","status":"publish","type":"product","link":"https:\/\/conopo.com.ve\/sitio\/producto\/pendones\/","title":{"rendered":"Pendones"},"content":{"rendered":"<h3>Pendones &#8211; Impresi\u00f3n + Accesorios<\/h3>\n<p><strong>Caracter\u00edsticas:<\/strong><\/p>\n<p>1) Pendones impresos en ECOSOLVENTE a Full color, CMYK.<br \/>\n2) Medidas: 90&#215;120 cm, 80&#215;120 cm o 70&#215;120 cm.<br \/>\n3) Impresos por 1 cara (S\u00f3lo Tiro).<br \/>\n4) Lona Banner viv\u00edlica de 13 Oz.<br \/>\n5) Acabados: 2 bolsillos posteriores.<br \/>\n6) Accesorios: 2 tubines de aluminio, 2 rigatones pl\u00e1sticos y 1 driza.<\/p>\n<p><strong>Importante sobre la compra:<\/strong><\/p>\n<p>\u2013 Cantidad m\u00ednima: 1 pend\u00f3n de 1 mismo arte.<br \/>\n\u2013 El precio no incluye elaboraci\u00f3n del dise\u00f1o del pend\u00f3n.<br \/>\n\u2013 El cliente deber\u00e1 enviarnos el arte listo para imprimir.<br \/>\n\u2013 Precios NO INCLUYEN IVA.<\/p>\n<p><strong>Tiempo de Entrega:<\/strong><\/p>\n<p>\u2013 De 5 a 7 d\u00edas h\u00e1biles.<\/p>\n<p><strong>Importante sobre el env\u00edo:<\/strong><\/p>\n<p>\u2013 Realizamos env\u00edos a nivel nacional (Tealca, MRW, Zoom, Domesa).<br \/>\n\u2013 Costos de env\u00edo corren por cuenta del cliente.<\/p>\n<p><strong>Importante sobre los archivos a imprimir:<\/strong><\/p>\n<p>\u2013 Deber\u00e1n estar en formato: .TIF, .JPG o PDF<br \/>\n\u2013 Al 100% de su tama\u00f1o (90&#215;120 cm, 80&#215;120 cm o 70&#215;120 cm).<br \/>\n\u2013 Resoluci\u00f3n a 300 DPI.<br \/>\n\u2013 Modo de Color: CMYK<br \/>\n\u2013 Perfil de color recomendado: U.S. Web Coated (SWOP) v2<br \/>\n\u2013 Sangrado m\u00ednimo: 1mm por cada lado.<br \/>\n\u2013 Sangrado m\u00e1ximo: 3mm por cada lado.<br \/>\n\u2013 No incluir l\u00edneas\/pautas de corte, ni barras de calibraci\u00f3n.<br \/>\n\u2013 En el caso de PDF, todos los textos deber\u00e1n estar en curvas\/vectores.<\/p>\n","protected":false},"excerpt":{"rendered":"<p>Pendones &#8211; Impresi\u00f3n + Accesorios Caracter\u00edsticas: 1) Pendones impresos en ECOSOLVENTE a Full color, CMYK. 2) Medidas: 90&#215;120 cm, 80&#215;120 cm o 70&#215;120 cm. 3) Impresos por 1 cara (S\u00f3lo Tiro). 4) Lona Banner viv\u00edlica de 13 Oz. 5) Acabados: 2 bolsillos posteriores. 6) Accesorios: 2 tubines de aluminio, 2 [&hellip;]<\/p>\n","protected":false},"featured_media":5192,"comment_status":"open","ping_status":"closed","template":"","meta":{"jetpack_post_was_ever_published":false,"jetpack_publicize_message":"","jetpack_publicize_feature_enabled":true,"jetpack_social_post_already_shared":true,"jetpack_social_options":{"image_generator_settings":{"template":"highway","default_image_id":0,"font":"","enabled":false},"version":2}},"product_brand":[],"product_cat":[62],"product_tag":[63,64],"class_list":{"0":"post-5186","1":"product","2":"type-product","3":"status-publish","4":"has-post-thumbnail","6":"product_cat-pendones","7":"product_tag-pendon","8":"product_tag-pendones","10":"first","11":"instock","12":"taxable","13":"shipping-taxable","14":"purchasable","15":"product-type-variable"},"jetpack_publicize_connections":[],"jetpack_sharing_enabled":true,"_links":{"self":[{"href":"https:\/\/conopo.com.ve\/sitio\/wp-json\/wp\/v2\/product\/5186","targetHints":{"allow":["GET"]}}],"collection":[{"href":"https:\/\/conopo.com.ve\/sitio\/wp-json\/wp\/v2\/product"}],"about":[{"href":"https:\/\/conopo.com.ve\/sitio\/wp-json\/wp\/v2\/types\/product"}],"replies":[{"embeddable":true,"href":"https:\/\/conopo.com.ve\/sitio\/wp-json\/wp\/v2\/comments?post=5186"}],"wp:featuredmedia":[{"embeddable":true,"href":"https:\/\/conopo.com.ve\/sitio\/wp-json\/wp\/v2\/media\/5192"}],"wp:attachment":[{"href":"https:\/\/conopo.com.ve\/sitio\/wp-json\/wp\/v2\/media?parent=5186"}],"wp:term":[{"taxonomy":"product_brand","embeddable":true,"href":"https:\/\/conopo.com.ve\/sitio\/wp-json\/wp\/v2\/product_brand?post=5186"},{"taxonomy":"product_cat","embeddable":true,"href":"https:\/\/conopo.com.ve\/sitio\/wp-json\/wp\/v2\/product_cat?post=5186"},{"taxonomy":"product_tag","embeddable":true,"href":"https:\/\/conopo.com.ve\/sitio\/wp-json\/wp\/v2\/product_tag?post=5186"}],"curies":[{"name":"wp","href":"https:\/\/api.w.org\/{rel}","templated":true}]}}