{"id":5126,"date":"2021-04-02T22:53:19","date_gmt":"2021-04-02T22:53:19","guid":{"rendered":"https:\/\/conopo.com.ve\/sitio\/?post_type=product&#038;p=5126"},"modified":"2024-08-26T21:34:53","modified_gmt":"2024-08-26T21:34:53","slug":"volantes-14x10-cm","status":"publish","type":"product","link":"https:\/\/conopo.com.ve\/sitio\/producto\/volantes-14x10-cm\/","title":{"rendered":"Volantes 14&#215;10 cm"},"content":{"rendered":"<h3>Impresi\u00f3n de Volantes 14\u00d710 cm.-<\/h3>\n<p><strong>Caracter\u00edsticas:<\/strong><\/p>\n<p>1) Impresi\u00f3n en OFFSET a Full color, CMYK.<br \/>\n2) Medida: 14&#215;10 cm (1\/4 de hoja carta).<br \/>\n3) Impresos por 1 o 2 caras (S\u00f3lo Tiro o Tiro y Retiro).<br \/>\n4) Papel glas\u00e9 115 gr.<br \/>\n5) Acabados: cortados, refilados y empacados.<\/p>\n<p><strong>Importante sobre la compra:<\/strong><\/p>\n<p>\u2013 Cantidad m\u00ednima: 500 unidades de 1 mismo arte.<br \/>\n\u2013 El precio no incluye elaboraci\u00f3n del dise\u00f1o del volante.<br \/>\n\u2013 El cliente deber\u00e1 enviarnos el arte listo para imprimir.<br \/>\n\u2013 Precios NO INCLUYEN IVA.<\/p>\n<p><strong>Tiempo de Entrega:<\/strong><\/p>\n<p>\u2013 De 7 a 15 d\u00edas h\u00e1biles.<\/p>\n<p><strong>Importante sobre el env\u00edo:<\/strong><\/p>\n<p>\u2013 Realizamos env\u00edos a nivel nacional (Tealca, MRW, Zoom, Domesa).<br \/>\n\u2013 Costos de env\u00edo corren por cuenta del cliente.<\/p>\n<p><strong>Importante sobre los archivos a imprimir:<\/strong><\/p>\n<p>\u2013 Deber\u00e1n estar en formato: .TIF, .JPG o PDF<br \/>\n\u2013 Al 100% de su tama\u00f1o (14\u00d710 cm)<br \/>\n\u2013 Resoluci\u00f3n a 300 DPI.<br \/>\n\u2013 Modo de Color: CMYK<br \/>\n\u2013 Perfil de color recomendado: U.S. Web Coated (SWOP) v2<br \/>\n\u2013 Sangrado m\u00ednimo: 1mm por cada lado.<br \/>\n\u2013 Sangrado m\u00e1ximo: 3mm por cada lado.<br \/>\n\u2013 No incluir l\u00edneas\/pautas de corte, ni barras de calibraci\u00f3n.<br \/>\n\u2013 En el caso de PDF, todos los textos deber\u00e1n estar en curvas\/vectores.<\/p>\n","protected":false},"excerpt":{"rendered":"<p>Impresi\u00f3n de Volantes 14\u00d710 cm.- Caracter\u00edsticas: 1) Impresi\u00f3n en OFFSET a Full color, CMYK. 2) Medida: 14&#215;10 cm (1\/4 de hoja carta). 3) Impresos por 1 o 2 caras (S\u00f3lo Tiro o Tiro y Retiro). 4) Papel glas\u00e9 115 gr. 5) Acabados: cortados, refilados y empacados. Importante sobre la compra: [&hellip;]<\/p>\n","protected":false},"featured_media":5131,"comment_status":"open","ping_status":"closed","template":"","meta":{"jetpack_post_was_ever_published":false,"jetpack_publicize_message":"","jetpack_publicize_feature_enabled":true,"jetpack_social_post_already_shared":true,"jetpack_social_options":{"image_generator_settings":{"template":"highway","default_image_id":0,"font":"","enabled":false},"version":2}},"product_brand":[],"product_cat":[58],"product_tag":[],"class_list":{"0":"post-5126","1":"product","2":"type-product","3":"status-publish","4":"has-post-thumbnail","6":"product_cat-volantes","8":"first","9":"instock","10":"taxable","11":"shipping-taxable","12":"purchasable","13":"product-type-variable"},"jetpack_publicize_connections":[],"jetpack_sharing_enabled":true,"_links":{"self":[{"href":"https:\/\/conopo.com.ve\/sitio\/wp-json\/wp\/v2\/product\/5126","targetHints":{"allow":["GET"]}}],"collection":[{"href":"https:\/\/conopo.com.ve\/sitio\/wp-json\/wp\/v2\/product"}],"about":[{"href":"https:\/\/conopo.com.ve\/sitio\/wp-json\/wp\/v2\/types\/product"}],"replies":[{"embeddable":true,"href":"https:\/\/conopo.com.ve\/sitio\/wp-json\/wp\/v2\/comments?post=5126"}],"wp:featuredmedia":[{"embeddable":true,"href":"https:\/\/conopo.com.ve\/sitio\/wp-json\/wp\/v2\/media\/5131"}],"wp:attachment":[{"href":"https:\/\/conopo.com.ve\/sitio\/wp-json\/wp\/v2\/media?parent=5126"}],"wp:term":[{"taxonomy":"product_brand","embeddable":true,"href":"https:\/\/conopo.com.ve\/sitio\/wp-json\/wp\/v2\/product_brand?post=5126"},{"taxonomy":"product_cat","embeddable":true,"href":"https:\/\/conopo.com.ve\/sitio\/wp-json\/wp\/v2\/product_cat?post=5126"},{"taxonomy":"product_tag","embeddable":true,"href":"https:\/\/conopo.com.ve\/sitio\/wp-json\/wp\/v2\/product_tag?post=5126"}],"curies":[{"name":"wp","href":"https:\/\/api.w.org\/{rel}","templated":true}]}}