{"id":9,"date":"2017-11-06T15:17:56","date_gmt":"2017-11-06T15:17:56","guid":{"rendered":"https:\/\/conopo.com.ve\/sitio\/?page_id=9"},"modified":"2019-02-22T21:02:44","modified_gmt":"2019-02-22T21:02:44","slug":"conopo-3","status":"publish","type":"page","link":"https:\/\/conopo.com.ve\/sitio\/","title":{"rendered":"Inicio"},"content":{"rendered":"<div class=\"col-md-5\">\n<h1>CONOPO<\/h1>\n<h2>CONOPO Dise\u00f1o y Publicidad.<\/h2>\n<p>Conopo Estudio de Dise\u00f1o Gr\u00e1fico.<\/p>\n<p>Especialistas en Dise\u00f1o de logotipos.<\/p>\n<p>Desarrollo de identidad e imagen gr\u00e1fica para empresas, productos o servicios.<\/p>\n<p>Somos especialistas en la creaci\u00f3n de logotipos y desarrollo de imagen e identidad gr\u00e1fica para empresas, productos o servicios, adem\u00e1s te ofrecemos soluciones en las \u00e1reas de Dise\u00f1o Gr\u00e1fico:<\/p>\n<p>Publicitario: afiches, volantes, d\u00edpticos, tr\u00edpticos, folletos, cat\u00e1logos, hojas vendedoras&#8230;<\/p>\n<p>Gran formato: pendones, carteleras fiscales, pancartas, vallas, anuncios luminosos, dise\u00f1amos, fabricamos e instalamos fachadas comerciales e industriales.<\/p>\n<p>Editorial para libros, producciones musicales y revistas de cualquier tipo (comerciales o cient\u00edficas).<\/p>\n<p>Empaques para productos y dise\u00f1o web.<\/p>\n<p>Tambi\u00e9n te ofrecemos el servicio de impresi\u00f3n, en imprenta offset o digital, de todo aquello que dise\u00f1emos para ti.<\/p>\n<p>Adem\u00e1s de servicio de audiovisuales y servicio t\u00e9cnico inform\u00e1tico para computadores de alto desempe\u00f1o.<\/p>\n<p>Vis\u00edtanos en <a href=\"https:\/\/conopo.com.ve\/sitio\">www.conopo.com.ve<\/a> S\u00edguenos en Instagram @conopo_ca o cont\u00e1ctanos al 04144135029 y trabajemos juntos por Venezuela.<\/p>\n<\/div>\n<div class=\"col-md-6 col-md-offset-1\"><\/div>\n\n\n<figure class=\"wp-block-image\"><img loading=\"lazy\" decoding=\"async\" width=\"1024\" height=\"341\" src=\"https:\/\/conopo.com.ve\/sitio\/wp-content\/uploads\/2019\/02\/CONOPO-URL-1024x341.jpg\" alt=\"CONOPO\" class=\"wp-image-1126\" srcset=\"https:\/\/conopo.com.ve\/sitio\/wp-content\/uploads\/2019\/02\/CONOPO-URL-1024x341.jpg 1024w, https:\/\/conopo.com.ve\/sitio\/wp-content\/uploads\/2019\/02\/CONOPO-URL-300x100.jpg 300w, https:\/\/conopo.com.ve\/sitio\/wp-content\/uploads\/2019\/02\/CONOPO-URL-768x256.jpg 768w, https:\/\/conopo.com.ve\/sitio\/wp-content\/uploads\/2019\/02\/CONOPO-URL-600x200.jpg 600w\" sizes=\"auto, (max-width: 1024px) 100vw, 1024px\" \/><\/figure>\n","protected":false},"excerpt":{"rendered":"<p>CONOPO CONOPO Dise\u00f1o y Publicidad. Conopo Estudio de Dise\u00f1o Gr\u00e1fico. Especialistas en Dise\u00f1o de logotipos. Desarrollo de identidad e imagen gr\u00e1fica para empresas, productos o servicios. Somos especialistas en la creaci\u00f3n de logotipos y desarrollo de imagen e identidad gr\u00e1fica para empresas, productos o servicios, adem\u00e1s te ofrecemos soluciones en [&hellip;]<\/p>\n","protected":false},"author":1,"featured_media":0,"parent":0,"menu_order":0,"comment_status":"closed","ping_status":"closed","template":"","meta":{"jetpack_post_was_ever_published":false,"footnotes":""},"class_list":["post-9","page","type-page","status-publish","hentry"],"jetpack_sharing_enabled":true,"jetpack_shortlink":"https:\/\/wp.me\/P9lUXh-9","_links":{"self":[{"href":"https:\/\/conopo.com.ve\/sitio\/wp-json\/wp\/v2\/pages\/9","targetHints":{"allow":["GET"]}}],"collection":[{"href":"https:\/\/conopo.com.ve\/sitio\/wp-json\/wp\/v2\/pages"}],"about":[{"href":"https:\/\/conopo.com.ve\/sitio\/wp-json\/wp\/v2\/types\/page"}],"author":[{"embeddable":true,"href":"https:\/\/conopo.com.ve\/sitio\/wp-json\/wp\/v2\/users\/1"}],"replies":[{"embeddable":true,"href":"https:\/\/conopo.com.ve\/sitio\/wp-json\/wp\/v2\/comments?post=9"}],"version-history":[{"count":14,"href":"https:\/\/conopo.com.ve\/sitio\/wp-json\/wp\/v2\/pages\/9\/revisions"}],"predecessor-version":[{"id":1137,"href":"https:\/\/conopo.com.ve\/sitio\/wp-json\/wp\/v2\/pages\/9\/revisions\/1137"}],"wp:attachment":[{"href":"https:\/\/conopo.com.ve\/sitio\/wp-json\/wp\/v2\/media?parent=9"}],"curies":[{"name":"wp","href":"https:\/\/api.w.org\/{rel}","templated":true}]}}