{"id":828,"date":"2019-01-10T21:17:36","date_gmt":"2019-01-10T21:17:36","guid":{"rendered":"https:\/\/conopo.com.ve\/sitio\/?page_id=828"},"modified":"2019-01-14T21:22:38","modified_gmt":"2019-01-14T21:22:38","slug":"terminos-y-condiciones","status":"publish","type":"page","link":"https:\/\/conopo.com.ve\/sitio\/terminos-y-condiciones\/","title":{"rendered":"T\u00e9rminos y condiciones"},"content":{"rendered":"\n<h3><strong>SOBRE LA EMPRESA<\/strong><\/h3>\n<ul><li><strong>CONOPO, C.A.<\/strong><\/li>\n<li><a href=\"http:\/\/www.conopo.com.ve\/RIF-CONOPO-CA-2021.zip\">RIF: J-406244007<\/a><\/li><\/ul>\n<br>\n<h3><strong>CONDICIONES DE PAGO<\/strong><\/h3>\n<ul><li>Forma de pago: 100% por adelantado.<\/li>\n<li>Medios de pago: transferencia bancaria, Paypal y Onixcoin.<\/li>\n<li>Costos adicionales generados ser\u00e1n incluidos en la factura definitiva.<\/li>\n<li>Todos los precios de CONOPO, C.A. est\u00e1n sujetos a cambios sin previo aviso.<\/li><\/ul>\n\n<h3><strong>DISPOSICIONES GENERALES<\/strong><\/h3>\n<ul><li>El contenido mostrado en este sitio web es propiedad de CONOPO, C.A. y tiene por objeto informar de las actividades, productos, servicios, ofertas, venta y prestaci\u00f3n de servicios por parte de CONOPO, C.A.  de acuerdo con los t\u00e9rminos y condiciones establecidos ac\u00e1 para facilitar la operatividad  con los usuarios o clientes.<\/li>\n<br>\n<li>CONOPO, C.A. es titular de los derechos de propiedad intelectual sobre los textos, dise\u00f1os, animaciones, o cualquier otro tipo de contenido o elementos mostrado en este sitio  web. En caso contrario, dispone de los permisos necesarios para su utilizaci\u00f3n (exceptuando aquellos estipulados de manera p\u00fablica como de libre acceso en la internet) y por lo tanto, queda prohibida su reproducci\u00f3n, distribuci\u00f3n, comunicaci\u00f3n p\u00fablica y transformaci\u00f3n sin previa autorizaci\u00f3n de CONOPO, C.A.<\/li>\n<br>\n<li>Los productos y servicios que CONOPO, C.A. ofrece a trav\u00e9s de este sitio web, podr\u00e1n ser solicitados y\/o contratados on-line por los clientes mediante la utilizaci\u00f3n de: correos electr\u00f3nicos, formularios de contacto establecidos en este mismo sitio web o a trav\u00e9s de un sistema tienda virtual de productos, que incluye establecimiento de usuario y clave por parte de los clientes, el cual es facilitado por la empresa y que permite la identificaci\u00f3n inequ\u00edvoca de los mismos.<\/li>\n<br>\n<li>Todos los dise\u00f1os creados por CONOPO, C.A., que hayan sido rechazados o no sean aprobados por los usuarios, o clientes, son propiedad intelectual exclusiva de CONOPO, C.A. y no podr\u00e1n ser utilizados, transformados o reproducidos sin previo convenio de pago entre CONOPO, C.A. y el usuario.<\/li>\n<br>\n<li>Todos los dise\u00f1os creados por CONOPO, C.A., que hayan sido rechazados o no sean aprobados por los usuarios, o clientes, podr\u00e1n ser utilizados, transformados, reconceptualizados por CONOPO, C.A. para ser vendidos o comercializados a nuevos usuarios o clientes que lo requieran, siempre y cuando sean respetados nombres y marcas registradas por terceros.<\/li><\/ul>\n<br>\n<h3><strong>SOBRE LA INFORMACI\u00d3N Y SU USO POR PARTE DE TERCEROS<\/strong><\/h3>\n<ul><li>CONOPO, C.A. rechaza la responsabilidad que se derive de la mala utilizaci\u00f3n de los contenidos por parte de usuarios directos o terceros y se reserva el derecho a actualizarlos cuando quiera, a eliminarlos, limitarlos o impedir el acceso a ellos, de manera temporal o definitiva.<\/li>\n<br>\n<li>CONOPO, C.A. no asume responsabilidad alguna por la informaci\u00f3n contenida en p\u00e1ginas web de terceros a las que se pueda acceder por enlaces (links) o buscadores de las p\u00e1ginas web de CONOPO, C.A. La presencia de enlaces (links) en las p\u00e1ginas web de CONOPO, C.A. tiene finalidad meramente informativa y en ning\u00fan caso supone sugerencia, invitaci\u00f3n o recomendaci\u00f3n sobre los mismos, para ning\u00fan fin m\u00e1s que el informativo.<\/li>\n<br>\n<br>\n\n\n\n<p><\/p>\n","protected":false},"excerpt":{"rendered":"<p>SOBRE LA EMPRESA CONOPO, C.A. RIF: J-406244007 CONDICIONES DE PAGO Forma de pago: 100% por adelantado. Medios de pago: transferencia bancaria, Paypal y Onixcoin. Costos adicionales generados ser\u00e1n incluidos en la factura definitiva. Todos los precios de CONOPO, C.A. est\u00e1n sujetos a cambios sin previo aviso. DISPOSICIONES GENERALES El contenido [&hellip;]<\/p>\n","protected":false},"author":1,"featured_media":920,"parent":0,"menu_order":0,"comment_status":"closed","ping_status":"closed","template":"","meta":{"jetpack_post_was_ever_published":false,"footnotes":""},"class_list":["post-828","page","type-page","status-publish","has-post-thumbnail","hentry"],"jetpack_sharing_enabled":true,"jetpack_shortlink":"https:\/\/wp.me\/P9lUXh-dm","_links":{"self":[{"href":"https:\/\/conopo.com.ve\/sitio\/wp-json\/wp\/v2\/pages\/828","targetHints":{"allow":["GET"]}}],"collection":[{"href":"https:\/\/conopo.com.ve\/sitio\/wp-json\/wp\/v2\/pages"}],"about":[{"href":"https:\/\/conopo.com.ve\/sitio\/wp-json\/wp\/v2\/types\/page"}],"author":[{"embeddable":true,"href":"https:\/\/conopo.com.ve\/sitio\/wp-json\/wp\/v2\/users\/1"}],"replies":[{"embeddable":true,"href":"https:\/\/conopo.com.ve\/sitio\/wp-json\/wp\/v2\/comments?post=828"}],"version-history":[{"count":7,"href":"https:\/\/conopo.com.ve\/sitio\/wp-json\/wp\/v2\/pages\/828\/revisions"}],"predecessor-version":[{"id":931,"href":"https:\/\/conopo.com.ve\/sitio\/wp-json\/wp\/v2\/pages\/828\/revisions\/931"}],"wp:featuredmedia":[{"embeddable":true,"href":"https:\/\/conopo.com.ve\/sitio\/wp-json\/wp\/v2\/media\/920"}],"wp:attachment":[{"href":"https:\/\/conopo.com.ve\/sitio\/wp-json\/wp\/v2\/media?parent=828"}],"curies":[{"name":"wp","href":"https:\/\/api.w.org\/{rel}","templated":true}]}}