{"id":47,"date":"2017-11-07T11:26:10","date_gmt":"2017-11-07T11:26:10","guid":{"rendered":"https:\/\/conopo.com.ve\/sitio\/?page_id=47"},"modified":"2019-01-15T15:15:10","modified_gmt":"2019-01-15T15:15:10","slug":"empresa","status":"publish","type":"page","link":"https:\/\/conopo.com.ve\/sitio\/empresa\/","title":{"rendered":"Empresa"},"content":{"rendered":"\n<center><i class=\"fas fa-lightbulb fa-7x\" style=\"color: #6cbd45\"><\/i><\/center>\n<br>\n<br>\n<h1><strong>Somos una empresa joven, concebida para brindar soluciones gr\u00e1ficas, creativas, exclusivas y funcionales en las \u00e1reas de Dise\u00f1o digital, Impresi\u00f3n y medios audiovisuales.<\/strong><\/h1>\n\n<p>Conformamos un peque\u00f1o equipo, con experiencia, capacitado profesionalmente para desarrollar su proyecto de manera viable y eficaz. Siempre buscando obtener como resultado, la satisfacci\u00f3n de nuestro cliente y a su vez, la de sus clientes.<\/p>\n\n<p>Somos talento venezolano que apuesta y cree en el desarrollo de nuestra Venezuela, en sus fortalezas, siendo una de \u00e9stas, el capital humano, capaz de ofrecer y adaptarse a los altos est\u00e1ndares de calidad internacional en cuanto a creatividad e innovaci\u00f3n.<\/p>\n<br>\n<br>\n<br>\n","protected":false},"excerpt":{"rendered":"<p>Somos una empresa joven, concebida para brindar soluciones gr\u00e1ficas, creativas, exclusivas y funcionales en las \u00e1reas de Dise\u00f1o digital, Impresi\u00f3n y medios audiovisuales. Conformamos un peque\u00f1o equipo, con experiencia, capacitado profesionalmente para desarrollar su proyecto de manera viable y eficaz. Siempre buscando obtener como resultado, la satisfacci\u00f3n de nuestro cliente [&hellip;]<\/p>\n","protected":false},"author":1,"featured_media":477,"parent":0,"menu_order":0,"comment_status":"closed","ping_status":"closed","template":"","meta":{"footnotes":""},"class_list":["post-47","page","type-page","status-publish","has-post-thumbnail","hentry"],"jetpack_sharing_enabled":true,"jetpack_shortlink":"https:\/\/wp.me\/P9lUXh-L","_links":{"self":[{"href":"https:\/\/conopo.com.ve\/sitio\/wp-json\/wp\/v2\/pages\/47","targetHints":{"allow":["GET"]}}],"collection":[{"href":"https:\/\/conopo.com.ve\/sitio\/wp-json\/wp\/v2\/pages"}],"about":[{"href":"https:\/\/conopo.com.ve\/sitio\/wp-json\/wp\/v2\/types\/page"}],"author":[{"embeddable":true,"href":"https:\/\/conopo.com.ve\/sitio\/wp-json\/wp\/v2\/users\/1"}],"replies":[{"embeddable":true,"href":"https:\/\/conopo.com.ve\/sitio\/wp-json\/wp\/v2\/comments?post=47"}],"version-history":[{"count":13,"href":"https:\/\/conopo.com.ve\/sitio\/wp-json\/wp\/v2\/pages\/47\/revisions"}],"predecessor-version":[{"id":954,"href":"https:\/\/conopo.com.ve\/sitio\/wp-json\/wp\/v2\/pages\/47\/revisions\/954"}],"wp:featuredmedia":[{"embeddable":true,"href":"https:\/\/conopo.com.ve\/sitio\/wp-json\/wp\/v2\/media\/477"}],"wp:attachment":[{"href":"https:\/\/conopo.com.ve\/sitio\/wp-json\/wp\/v2\/media?parent=47"}],"curies":[{"name":"wp","href":"https:\/\/api.w.org\/{rel}","templated":true}]}}