{"id":297,"date":"2018-12-21T19:42:26","date_gmt":"2018-12-21T19:42:26","guid":{"rendered":"https:\/\/conopo.com.ve\/sitio\/?page_id=297"},"modified":"2019-02-20T20:17:09","modified_gmt":"2019-02-20T20:17:09","slug":"servicio-tecnico-informatico","status":"publish","type":"page","link":"https:\/\/conopo.com.ve\/sitio\/servicio-tecnico-informatico\/","title":{"rendered":"Servicio t\u00e9cnico inform\u00e1tico"},"content":{"rendered":"\n<center><i class=\"fas fa-wrench fa-7x\" style=\"color: #6cbd45\"><\/i><\/center>\n<br>\n<br>\n<h1><strong>Ponemos a tu disposici\u00f3n nuestro servicio t\u00e9cnico inform\u00e1tico para computadoras especializadas de alto desempe\u00f1o, dedicadas a las actividades de dise\u00f1o, impresi\u00f3n y producci\u00f3n audiovisual.<\/strong><\/h1><br>\n\n<figure class=\"wp-block-image\"><img loading=\"lazy\" decoding=\"async\" width=\"800\" height=\"524\" src=\"https:\/\/conopo.com.ve\/sitio\/wp-content\/uploads\/2019\/01\/SERVICIO-TECNICO.jpg\" alt=\"\" class=\"wp-image-916\" srcset=\"https:\/\/conopo.com.ve\/sitio\/wp-content\/uploads\/2019\/01\/SERVICIO-TECNICO.jpg 800w, https:\/\/conopo.com.ve\/sitio\/wp-content\/uploads\/2019\/01\/SERVICIO-TECNICO-300x197.jpg 300w, https:\/\/conopo.com.ve\/sitio\/wp-content\/uploads\/2019\/01\/SERVICIO-TECNICO-768x503.jpg 768w, https:\/\/conopo.com.ve\/sitio\/wp-content\/uploads\/2019\/01\/SERVICIO-TECNICO-600x393.jpg 600w\" sizes=\"auto, (max-width: 800px) 100vw, 800px\" \/><\/figure><br>\n\n<h3>Debemos prestar atenci\u00f3n a la importancia que hoy d\u00eda tienen los computadores como herramientas dentro de nuestros espacios de trabajo, y m\u00e1s a\u00fan, si de ellos dependen actividades productivas que corren el riesgo de detenerse por el mal funcionamiento, o sencillamente, la mala configuraci\u00f3n del computador, de un programa o de un virus, lo que se traduce en perdidas de tiempo, atrasos en la producci\u00f3n, conflictos con los clientes y por ende, p\u00e9rdida de dinero.<\/h3>\n\n<p>Conociendo bien estas realidades, ponemos a tu disposici\u00f3n nuestro departamento de servicio t\u00e9cnico inform\u00e1tico, que te ayudar\u00e1 a mantener al d\u00eda tus computadores para el \u00f3ptimo desempe\u00f1o de los mismos en sus labores diarias.<\/p>\n\n<p>Algunos de los servicios b\u00e1sicos con los que podr\u00e1s contar:<br>\n<ul>\n<li>Trabajo a domicilio (tu equipo no sale de su puesto de trabajo, podr\u00e1s observar y consultar el avance en todo momento).<\/li>\n<br>\n<li>Total confidencialidad de tu informaci\u00f3n.<\/li>\n<br>\n<li>Protecci\u00f3n contra virus, gusanos, keyloggers y secuestro de datos.<\/li>\n<br>\n<li>Limpieza f\u00edsica y l\u00f3gica.<\/li>\n<br>\n<li>Formateo sin p\u00e9rdida de informaci\u00f3n.<\/li>\n<br>\n<li>Respaldo de datos en sitio seguro.<\/li>\n<br>\n<li>Seguridad en redes cableadas y Wi-Fi.<\/li>\n<br>\n<li>Bloqueo de propaganda de Internet.<\/li>\n<br>\n<li>Restauraci\u00f3n autom\u00e1tica de informaci\u00f3n oculta en los Pendrives y Discos Duros externos a causa de virus.<\/li>\n<br>\n<li>Formateo de equipos orient\u00e1ndolos a su funci\u00f3n establecida y posterior inducci\u00f3n para su correcto uso.<\/li>\n<br>\n<li>Instalaci\u00f3n y configuraci\u00f3n de programas de uso est\u00e1ndar y especiales (Dise\u00f1o, CADs, M\u00e1quinas Virtuales, Equipos de Imagenolog\u00eda, de uso M\u00e9dico, Odontol\u00f3gicos, Monitoreo, etc).<\/li>\n<br>\n<li>Instalaci\u00f3n de Redes, al\u00e1mbricas o inal\u00e1mbricas.<\/li>\n<br>\n<li>Automatizaci\u00f3n de procesos.<\/li>\n<br>\n<li>Conversi\u00f3n de c\u00e1maras web a vigilancia.<\/li>\n<br>\n<li>Instalaci\u00f3n de sistemas de vigilancia CCTV.<\/li>\n<br>\n<li>Reporte escrito de las operaciones realizadas en sus equipos.<\/li>\n<br>\n<li<Asesoramiento para software \u2013 hardware.<\/li>\nEntre muchos otros&#8230; \n<\/ul>\n<br>\n<p>Una vez solucionado el problema de los computadores, que muchas veces tambi\u00e9n fallan por el mal manejo de los operadores, se hace importante el adecuado adiestramiento de estos usuarios de los equipos para que no se incurran en fallas, ni malos h\u00e1bitos, que ocasionen nuevas fallas o recurrencia de las mismas que ya han sido reparadas.<\/p>\n\n<p>Por la raz\u00f3n antes descrita, tambi\u00e9n ponemos a tu disposici\u00f3n planes para el adiestramiento de su personal que te ayudar\u00e1n a mantener el flujo adecuado de sus sistemas en uso.<\/p>\n<br><\/br>\n\n\n\n<h3>\u00a1Solicita tu cotizaci\u00f3n!<\/h3>\n<br><\/br>\n\n\n\n<h2><strong>Escr\u00edbenos&#8230;<\/strong><\/h2>\n<br>\n<br>\n\n\n\n\n<div\n\t\tclass=\"pirate_forms_container widget-no\"\n\t\tid=\"pirate_forms_container_default\">\n\t<!-- header -->\n\t\n\t<!-- thank you -->\n\t\n\t<div class=\"pirate_forms_wrap\">\n\t\t<!-- errors -->\n\t\t\n\t\t<!-- form -->\n\t\t\n\t\t<form\n\t\t\t\tmethod=\"post\"\n\t\t\t\tenctype=\"application\/x-www-form-urlencoded\"\n\t\t\t\tclass=\"pirate_forms  form_honeypot-on wordpress-nonce-on pirate-forms-contact-name-on pirate-forms-contact-email-on pirate-forms-contact-subject-on pirate-forms-contact-message-on pirate-forms-contact-submit-on pirate_forms_from_form-on\"\n\t\t\t\t\t>\n\t\t\t<div class=\"pirate_forms_three_inputs_wrap \">\n\t\t\t\t\n\n<div class=\"col-xs-12 pirate_forms_three_inputs form_field_wrap contact_name_wrap col-xs-12 col-sm-6 contact_name_wrap pirate_forms_three_inputs form_field_wrap\">\n\t\t<input\n\t\t\ttype=\"text\"\n\t\t\tclass=\"form-control\" id=\"pirate-forms-contact-name\" name=\"pirate-forms-contact-name\" class=\"\" placeholder=\"Nombre y Apellido\" required oninvalid=\"this.setCustomValidity('Escriba su nombre')\" onchange=\"this.setCustomValidity('')\" value=\"\" >\n<\/div>\n\n\n<div class=\"col-xs-12 pirate_forms_three_inputs form_field_wrap contact_email_wrap col-xs-12 col-sm-6 contact_email_wrap pirate_forms_three_inputs form_field_wrap\">\n\t\t<input type=\"email\" class=\"form-control\" id=\"pirate-forms-contact-email\" name=\"pirate-forms-contact-email\" class=\"\" placeholder=\"Correo electr\u00f3nico\" required oninvalid=\"this.setCustomValidity('Escriba una direcci\u00f3n de correo electr\u00f3nico v\u00e1lida')\" onchange=\"this.setCustomValidity('')\" value=\"\">\n<\/div>\n\n\n<div class=\"col-xs-12 pirate_forms_three_inputs form_field_wrap contact_subject_wrap col-xs-12 contact_subject_wrap pirate_forms_three_inputs form_field_wrap\">\n\t\t<input\n\t\t\ttype=\"text\"\n\t\t\tclass=\"form-control\" id=\"pirate-forms-contact-subject\" name=\"pirate-forms-contact-subject\" class=\"\" placeholder=\"Tel\u00e9fonos\" required oninvalid=\"this.setCustomValidity('Por favor, escriba un asunto')\" onchange=\"this.setCustomValidity('')\" value=\"\" >\n<\/div>\n\t\t\t<\/div>\n\n\t\t\t\n\n<div class=\"col-xs-12 form_field_wrap contact_message_wrap col-xs-12 contact_message_wrap pirate_forms_three_inputs form_field_wrap\">\n\t\t<textarea\n\t\t\trows=\"5\" cols=\"30\"\n\t\t\tclass=\"form-control\" id=\"pirate-forms-contact-message\" name=\"pirate-forms-contact-message\" class=\"\" placeholder=\"Mensaje\" required oninvalid=\"this.setCustomValidity('Escriba su pregunta o comentario')\" onchange=\"this.setCustomValidity('')\" ><\/textarea>\n<\/div>\n\n\n<div class=\"col-xs-12 form_field_wrap contact_submit_wrap\">\n\t<button type=\"submit\" class=\"pirate-forms-submit-button btn btn-primary \" id=\"pirate-forms-contact-submit\" name=\"pirate-forms-contact-submit\" class=\"pirate-forms-submit-button btn btn-primary \" placeholder=\"\" >Enviar mensaje<\/button>\n<\/div>\n<input type=\"hidden\" id=\"pirate_forms_ajax\" name=\"pirate_forms_ajax\" class=\"\" placeholder=\"\"  value=\"0\"><div class=\"form_field_wrap hidden\" style=\"display: none\"><input type=\"text\" id=\"form_honeypot\" name=\"honeypot\" class=\"\" placeholder=\"\"  value=\"\"><\/div><input type=\"hidden\" id=\"pirate_forms_from_widget\" name=\"pirate_forms_from_widget\" class=\"\" placeholder=\"\"  value=\"0\"><input type=\"hidden\" id=\"wordpress-nonce\" name=\"wordpress-nonce\" class=\"\" placeholder=\"\"  value=\"410adc2313\"><input type=\"hidden\" id=\"pirate_forms_from_form\" name=\"pirate_forms_from_form\" class=\"\" placeholder=\"\"  value=\"926742fb81\">\t\t<\/form>\n\n\t\t\n\t\t<div class=\"pirate_forms_clearfix\"><\/div>\n\t<\/div>\n\n\t<!-- footer -->\n\t<\/div>\n","protected":false},"excerpt":{"rendered":"<p>Ponemos a tu disposici\u00f3n nuestro servicio t\u00e9cnico inform\u00e1tico para computadoras especializadas de alto desempe\u00f1o, dedicadas a las actividades de dise\u00f1o, impresi\u00f3n y producci\u00f3n audiovisual. Debemos prestar atenci\u00f3n a la importancia que hoy d\u00eda tienen los computadores como herramientas dentro de nuestros espacios de trabajo, y m\u00e1s a\u00fan, si de ellos [&hellip;]<\/p>\n","protected":false},"author":1,"featured_media":383,"parent":0,"menu_order":0,"comment_status":"closed","ping_status":"closed","template":"","meta":{"jetpack_post_was_ever_published":false,"footnotes":""},"class_list":["post-297","page","type-page","status-publish","has-post-thumbnail","hentry"],"jetpack_sharing_enabled":true,"jetpack_shortlink":"https:\/\/wp.me\/P9lUXh-4N","_links":{"self":[{"href":"https:\/\/conopo.com.ve\/sitio\/wp-json\/wp\/v2\/pages\/297","targetHints":{"allow":["GET"]}}],"collection":[{"href":"https:\/\/conopo.com.ve\/sitio\/wp-json\/wp\/v2\/pages"}],"about":[{"href":"https:\/\/conopo.com.ve\/sitio\/wp-json\/wp\/v2\/types\/page"}],"author":[{"embeddable":true,"href":"https:\/\/conopo.com.ve\/sitio\/wp-json\/wp\/v2\/users\/1"}],"replies":[{"embeddable":true,"href":"https:\/\/conopo.com.ve\/sitio\/wp-json\/wp\/v2\/comments?post=297"}],"version-history":[{"count":28,"href":"https:\/\/conopo.com.ve\/sitio\/wp-json\/wp\/v2\/pages\/297\/revisions"}],"predecessor-version":[{"id":1150,"href":"https:\/\/conopo.com.ve\/sitio\/wp-json\/wp\/v2\/pages\/297\/revisions\/1150"}],"wp:featuredmedia":[{"embeddable":true,"href":"https:\/\/conopo.com.ve\/sitio\/wp-json\/wp\/v2\/media\/383"}],"wp:attachment":[{"href":"https:\/\/conopo.com.ve\/sitio\/wp-json\/wp\/v2\/media?parent=297"}],"curies":[{"name":"wp","href":"https:\/\/api.w.org\/{rel}","templated":true}]}}