{"id":295,"date":"2018-12-21T19:41:10","date_gmt":"2018-12-21T19:41:10","guid":{"rendered":"https:\/\/conopo.com.ve\/sitio\/?page_id=295"},"modified":"2019-02-26T14:11:42","modified_gmt":"2019-02-26T14:11:42","slug":"audiovisuales","status":"publish","type":"page","link":"https:\/\/conopo.com.ve\/sitio\/audiovisuales\/","title":{"rendered":"Audiovisuales"},"content":{"rendered":"\n<center><i class=\"fas fa-video fa-7x\" style=\"color: #6cbd45\"><\/i><\/center>\n<br>\n<br>\n<h1><strong>Audiovisuales, la combinaci\u00f3n de lo visual y lo auditivo resulta infalible como medio para hacer llegar su mensaje, su producto, marca o servicio a un espectro m\u00e1s amplio del p\u00fablico, donde vibrar\u00e1n naturalmente, aquellos que se sientan identificados con el trabajo presentado, con su mensaje, su personalidad, con su est\u00e9tica.<\/strong><\/h1>\n<br>\n<figure class=\"wp-block-image\"><img loading=\"lazy\" decoding=\"async\" width=\"800\" height=\"524\" src=\"https:\/\/conopo.com.ve\/sitio\/wp-content\/uploads\/2019\/01\/FILMACION.jpg\" alt=\"\" class=\"wp-image-911\" srcset=\"https:\/\/conopo.com.ve\/sitio\/wp-content\/uploads\/2019\/01\/FILMACION.jpg 800w, https:\/\/conopo.com.ve\/sitio\/wp-content\/uploads\/2019\/01\/FILMACION-300x197.jpg 300w, https:\/\/conopo.com.ve\/sitio\/wp-content\/uploads\/2019\/01\/FILMACION-768x503.jpg 768w, https:\/\/conopo.com.ve\/sitio\/wp-content\/uploads\/2019\/01\/FILMACION-600x393.jpg 600w\" sizes=\"auto, (max-width: 800px) 100vw, 800px\" \/><\/figure>\n\n<p>Ponemos a su disposici\u00f3n un servicio integral para la elaboraci\u00f3n de sus productos Audiovisuales a cargo de profesionales capacitados, de comprobada experiencia.<\/p>\nAbarcamos para la realizaci\u00f3n de audiovisuales desde la creaci\u00f3n del guion, la propuesta creativa, la fotograf\u00eda, el equipo t\u00e9cnico, modelos, actores, locaciones, permisolog\u00edas, decorados, catering, hasta la producci\u00f3n y post-producci\u00f3n.<\/p>\n\n<p>Algunos de nuestros servicios audiovisuales:<\/p>\n<br>\n<h3>Fotograf\u00eda:<\/h3>\n<p><ul>\n<li>Productos.<\/li>\n<li>Gastron\u00f3mica.<\/li>\n<li>Eventos culturales.<\/li>\n<li>Eventos sociales y corporativos.<\/li><\/ul><\/p><br>\n\n<h3>Video y edici\u00f3n:<\/h3>\n<p><ul>\n<li>Spots Publicitarios.<\/li>\n<li>Cortometrajes.<\/li>\n<li>Video Clips.<\/li>\n<li>Documentales.<\/li>\n<li>Filmaci\u00f3n.<\/li>\n<li>Pre-Producci\u00f3n.<\/li>\n<li>Producci\u00f3n.<\/li>\n<li>Post-Producci\u00f3n.<\/li><\/ul><\/p><br><\/br>\n\n\n\n<h3>\u00a1Solicita tu cotizaci\u00f3n!<\/h3>\n<br><\/br>\n\n\n\n<h2><strong>Escr\u00edbenos&#8230;<\/strong><\/h2>\n<br>\n<br>\n\n\n\n\n<div\n\t\tclass=\"pirate_forms_container widget-no\"\n\t\tid=\"pirate_forms_container_default\">\n\t<!-- header -->\n\t\n\t<!-- thank you -->\n\t\n\t<div class=\"pirate_forms_wrap\">\n\t\t<!-- errors -->\n\t\t\n\t\t<!-- form -->\n\t\t\n\t\t<form\n\t\t\t\tmethod=\"post\"\n\t\t\t\tenctype=\"application\/x-www-form-urlencoded\"\n\t\t\t\tclass=\"pirate_forms  form_honeypot-on wordpress-nonce-on pirate-forms-contact-name-on pirate-forms-contact-email-on pirate-forms-contact-subject-on pirate-forms-contact-message-on pirate-forms-contact-submit-on pirate_forms_from_form-on\"\n\t\t\t\t\t>\n\t\t\t<div class=\"pirate_forms_three_inputs_wrap \">\n\t\t\t\t\n\n<div class=\"col-xs-12 pirate_forms_three_inputs form_field_wrap contact_name_wrap col-xs-12 col-sm-6 contact_name_wrap pirate_forms_three_inputs form_field_wrap\">\n\t\t<input\n\t\t\ttype=\"text\"\n\t\t\tclass=\"form-control\" id=\"pirate-forms-contact-name\" name=\"pirate-forms-contact-name\" class=\"\" placeholder=\"Nombre y Apellido\" required oninvalid=\"this.setCustomValidity('Escriba su nombre')\" onchange=\"this.setCustomValidity('')\" value=\"\" >\n<\/div>\n\n\n<div class=\"col-xs-12 pirate_forms_three_inputs form_field_wrap contact_email_wrap col-xs-12 col-sm-6 contact_email_wrap pirate_forms_three_inputs form_field_wrap\">\n\t\t<input type=\"email\" class=\"form-control\" id=\"pirate-forms-contact-email\" name=\"pirate-forms-contact-email\" class=\"\" placeholder=\"Correo electr\u00f3nico\" required oninvalid=\"this.setCustomValidity('Escriba una direcci\u00f3n de correo electr\u00f3nico v\u00e1lida')\" onchange=\"this.setCustomValidity('')\" value=\"\">\n<\/div>\n\n\n<div class=\"col-xs-12 pirate_forms_three_inputs form_field_wrap contact_subject_wrap col-xs-12 contact_subject_wrap pirate_forms_three_inputs form_field_wrap\">\n\t\t<input\n\t\t\ttype=\"text\"\n\t\t\tclass=\"form-control\" id=\"pirate-forms-contact-subject\" name=\"pirate-forms-contact-subject\" class=\"\" placeholder=\"Tel\u00e9fonos\" required oninvalid=\"this.setCustomValidity('Por favor, escriba un asunto')\" onchange=\"this.setCustomValidity('')\" value=\"\" >\n<\/div>\n\t\t\t<\/div>\n\n\t\t\t\n\n<div class=\"col-xs-12 form_field_wrap contact_message_wrap col-xs-12 contact_message_wrap pirate_forms_three_inputs form_field_wrap\">\n\t\t<textarea\n\t\t\trows=\"5\" cols=\"30\"\n\t\t\tclass=\"form-control\" id=\"pirate-forms-contact-message\" name=\"pirate-forms-contact-message\" class=\"\" placeholder=\"Mensaje\" required oninvalid=\"this.setCustomValidity('Escriba su pregunta o comentario')\" onchange=\"this.setCustomValidity('')\" ><\/textarea>\n<\/div>\n\n\n<div class=\"col-xs-12 form_field_wrap contact_submit_wrap\">\n\t<button type=\"submit\" class=\"pirate-forms-submit-button btn btn-primary \" id=\"pirate-forms-contact-submit\" name=\"pirate-forms-contact-submit\" class=\"pirate-forms-submit-button btn btn-primary \" placeholder=\"\" >Enviar mensaje<\/button>\n<\/div>\n<input type=\"hidden\" id=\"pirate_forms_ajax\" name=\"pirate_forms_ajax\" class=\"\" placeholder=\"\"  value=\"0\"><div class=\"form_field_wrap hidden\" style=\"display: none\"><input type=\"text\" id=\"form_honeypot\" name=\"honeypot\" class=\"\" placeholder=\"\"  value=\"\"><\/div><input type=\"hidden\" id=\"pirate_forms_from_widget\" name=\"pirate_forms_from_widget\" class=\"\" placeholder=\"\"  value=\"0\"><input type=\"hidden\" id=\"wordpress-nonce\" name=\"wordpress-nonce\" class=\"\" placeholder=\"\"  value=\"b3ef54d28d\"><input type=\"hidden\" id=\"pirate_forms_from_form\" name=\"pirate_forms_from_form\" class=\"\" placeholder=\"\"  value=\"3e1c407a40\">\t\t<\/form>\n\n\t\t\n\t\t<div class=\"pirate_forms_clearfix\"><\/div>\n\t<\/div>\n\n\t<!-- footer -->\n\t<\/div>\n","protected":false},"excerpt":{"rendered":"<p>Audiovisuales, la combinaci\u00f3n de lo visual y lo auditivo resulta infalible como medio para hacer llegar su mensaje, su producto, marca o servicio a un espectro m\u00e1s amplio del p\u00fablico, donde vibrar\u00e1n naturalmente, aquellos que se sientan identificados con el trabajo presentado, con su mensaje, su personalidad, con su est\u00e9tica. [&hellip;]<\/p>\n","protected":false},"author":1,"featured_media":382,"parent":0,"menu_order":0,"comment_status":"closed","ping_status":"closed","template":"","meta":{"jetpack_post_was_ever_published":false,"footnotes":""},"class_list":["post-295","page","type-page","status-publish","has-post-thumbnail","hentry"],"jetpack_sharing_enabled":true,"jetpack_shortlink":"https:\/\/wp.me\/P9lUXh-4L","_links":{"self":[{"href":"https:\/\/conopo.com.ve\/sitio\/wp-json\/wp\/v2\/pages\/295","targetHints":{"allow":["GET"]}}],"collection":[{"href":"https:\/\/conopo.com.ve\/sitio\/wp-json\/wp\/v2\/pages"}],"about":[{"href":"https:\/\/conopo.com.ve\/sitio\/wp-json\/wp\/v2\/types\/page"}],"author":[{"embeddable":true,"href":"https:\/\/conopo.com.ve\/sitio\/wp-json\/wp\/v2\/users\/1"}],"replies":[{"embeddable":true,"href":"https:\/\/conopo.com.ve\/sitio\/wp-json\/wp\/v2\/comments?post=295"}],"version-history":[{"count":18,"href":"https:\/\/conopo.com.ve\/sitio\/wp-json\/wp\/v2\/pages\/295\/revisions"}],"predecessor-version":[{"id":1157,"href":"https:\/\/conopo.com.ve\/sitio\/wp-json\/wp\/v2\/pages\/295\/revisions\/1157"}],"wp:featuredmedia":[{"embeddable":true,"href":"https:\/\/conopo.com.ve\/sitio\/wp-json\/wp\/v2\/media\/382"}],"wp:attachment":[{"href":"https:\/\/conopo.com.ve\/sitio\/wp-json\/wp\/v2\/media?parent=295"}],"curies":[{"name":"wp","href":"https:\/\/api.w.org\/{rel}","templated":true}]}}