{"id":120,"date":"2017-11-14T13:42:12","date_gmt":"2017-11-14T13:42:12","guid":{"rendered":"https:\/\/conopo.com.ve\/site\/?page_id=120"},"modified":"2019-04-12T19:31:09","modified_gmt":"2019-04-12T19:31:09","slug":"conopo","status":"publish","type":"page","link":"https:\/\/conopo.com.ve\/site\/conopo\/","title":{"rendered":"CONOPO"},"content":{"rendered":"\n<h1><strong>Why CONOPO?<\/strong><\/h1>\n<p>Pemon language word whose meaning is RAIN. Synonymous with water, its vital presence for any type of life. It implies changes, creation, birth, development. Therefore, in a simple analogy: we are CONOPO, the rain, the water for creation, the birth and development of ideas for your project.<\/p>\n<p>The Pem\u00f3n language belongs to the family of Caribbean languages, spoken mainly by the Pem\u00f3n ethnic group, located in the Southeast of Venezuela (Bol\u00edvar State).<\/p>\n<br><\/br>\n<br><\/br>\n","protected":false},"excerpt":{"rendered":"<p>Why CONOPO? Pemon language word whose meaning is RAIN. Synonymous with water, its vital presence for any type of life. It implies changes, creation, birth, development. Therefore, in a simple analogy: we are CONOPO, the rain, the water for creation, the birth and development of ideas for your project. The [&hellip;]<\/p>\n","protected":false},"author":1,"featured_media":609,"parent":0,"menu_order":0,"comment_status":"closed","ping_status":"closed","template":"","meta":{"jetpack_post_was_ever_published":false},"yoast_head":"<!-- This site is optimized with the Yoast SEO plugin v20.1 - https:\/\/yoast.com\/wordpress\/plugins\/seo\/ -->\n<title>CONOPO Design &amp; Advertising - Conopo<\/title>\n<meta name=\"description\" content=\"We are CONOPO - Pemon language word whose meaning is RAIN - the water for creation, the birth and development of ideas for your project...\" \/>\n<meta name=\"robots\" content=\"index, follow, max-snippet:-1, max-image-preview:large, max-video-preview:-1\" \/>\n<link rel=\"canonical\" href=\"https:\/\/conopo.com.ve\/site\/conopo\/\" \/>\n<meta property=\"og:locale\" content=\"es_ES\" \/>\n<meta property=\"og:type\" content=\"article\" \/>\n<meta property=\"og:title\" content=\"CONOPO Design &amp; Advertising - Conopo\" \/>\n<meta property=\"og:description\" content=\"We are CONOPO - Pemon language word whose meaning is RAIN - the water for creation, the birth and development of ideas for your project...\" \/>\n<meta property=\"og:url\" content=\"https:\/\/conopo.com.ve\/site\/conopo\/\" \/>\n<meta property=\"og:site_name\" content=\"CONOPO\" \/>\n<meta property=\"article:publisher\" content=\"https:\/\/www.facebook.com\/conopo\/\" \/>\n<meta property=\"article:modified_time\" content=\"2019-04-12T19:31:09+00:00\" \/>\n<meta property=\"og:image\" content=\"https:\/\/conopo.com.ve\/site\/wp-content\/uploads\/2019\/01\/Fondo-Empresa-1024.jpg\" \/>\n\t<meta property=\"og:image:width\" content=\"1024\" \/>\n\t<meta property=\"og:image:height\" content=\"379\" \/>\n\t<meta property=\"og:image:type\" content=\"image\/jpeg\" \/>\n<meta name=\"twitter:card\" content=\"summary_large_image\" \/>\n<script type=\"application\/ld+json\" class=\"yoast-schema-graph\">{\"@context\":\"https:\/\/schema.org\",\"@graph\":[{\"@type\":\"WebPage\",\"@id\":\"https:\/\/conopo.com.ve\/site\/conopo\/\",\"url\":\"https:\/\/conopo.com.ve\/site\/conopo\/\",\"name\":\"CONOPO Design & Advertising - Conopo\",\"isPartOf\":{\"@id\":\"https:\/\/conopo.com.ve\/site\/#website\"},\"datePublished\":\"2017-11-14T13:42:12+00:00\",\"dateModified\":\"2019-04-12T19:31:09+00:00\",\"description\":\"We are CONOPO - Pemon language word whose meaning is RAIN - the water for creation, the birth and development of ideas for your project...\",\"breadcrumb\":{\"@id\":\"https:\/\/conopo.com.ve\/site\/conopo\/#breadcrumb\"},\"inLanguage\":\"es\",\"potentialAction\":[{\"@type\":\"ReadAction\",\"target\":[\"https:\/\/conopo.com.ve\/site\/conopo\/\"]}]},{\"@type\":\"BreadcrumbList\",\"@id\":\"https:\/\/conopo.com.ve\/site\/conopo\/#breadcrumb\",\"itemListElement\":[{\"@type\":\"ListItem\",\"position\":1,\"name\":\"Portada\",\"item\":\"https:\/\/conopo.com.ve\/site\/\"},{\"@type\":\"ListItem\",\"position\":2,\"name\":\"CONOPO\"}]},{\"@type\":\"WebSite\",\"@id\":\"https:\/\/conopo.com.ve\/site\/#website\",\"url\":\"https:\/\/conopo.com.ve\/site\/\",\"name\":\"CONOPO\",\"description\":\"Design and Advertising\",\"publisher\":{\"@id\":\"https:\/\/conopo.com.ve\/site\/#organization\"},\"potentialAction\":[{\"@type\":\"SearchAction\",\"target\":{\"@type\":\"EntryPoint\",\"urlTemplate\":\"https:\/\/conopo.com.ve\/site\/?s={search_term_string}\"},\"query-input\":\"required name=search_term_string\"}],\"inLanguage\":\"es\"},{\"@type\":\"Organization\",\"@id\":\"https:\/\/conopo.com.ve\/site\/#organization\",\"name\":\"CONOPO Dise\u00f1o y Publicidad\",\"url\":\"https:\/\/conopo.com.ve\/site\/\",\"logo\":{\"@type\":\"ImageObject\",\"inLanguage\":\"es\",\"@id\":\"https:\/\/conopo.com.ve\/site\/#\/schema\/logo\/image\/\",\"url\":\"https:\/\/conopo.com.ve\/site\/wp-content\/uploads\/2019\/01\/CONOPO.jpg\",\"contentUrl\":\"https:\/\/conopo.com.ve\/site\/wp-content\/uploads\/2019\/01\/CONOPO.jpg\",\"width\":1182,\"height\":1182,\"caption\":\"CONOPO Dise\u00f1o y Publicidad\"},\"image\":{\"@id\":\"https:\/\/conopo.com.ve\/site\/#\/schema\/logo\/image\/\"},\"sameAs\":[\"https:\/\/www.facebook.com\/conopo\/\",\"https:\/\/www.instagram.com\/conopo_ca\/\"]}]}<\/script>\n<!-- \/ Yoast SEO plugin. -->","yoast_head_json":{"title":"CONOPO Design & Advertising - Conopo","description":"We are CONOPO - Pemon language word whose meaning is RAIN - the water for creation, the birth and development of ideas for your project...","robots":{"index":"index","follow":"follow","max-snippet":"max-snippet:-1","max-image-preview":"max-image-preview:large","max-video-preview":"max-video-preview:-1"},"canonical":"https:\/\/conopo.com.ve\/site\/conopo\/","og_locale":"es_ES","og_type":"article","og_title":"CONOPO Design & Advertising - Conopo","og_description":"We are CONOPO - Pemon language word whose meaning is RAIN - the water for creation, the birth and development of ideas for your project...","og_url":"https:\/\/conopo.com.ve\/site\/conopo\/","og_site_name":"CONOPO","article_publisher":"https:\/\/www.facebook.com\/conopo\/","article_modified_time":"2019-04-12T19:31:09+00:00","og_image":[{"width":1024,"height":379,"url":"https:\/\/conopo.com.ve\/site\/wp-content\/uploads\/2019\/01\/Fondo-Empresa-1024.jpg","type":"image\/jpeg"}],"twitter_card":"summary_large_image","schema":{"@context":"https:\/\/schema.org","@graph":[{"@type":"WebPage","@id":"https:\/\/conopo.com.ve\/site\/conopo\/","url":"https:\/\/conopo.com.ve\/site\/conopo\/","name":"CONOPO Design & Advertising - Conopo","isPartOf":{"@id":"https:\/\/conopo.com.ve\/site\/#website"},"datePublished":"2017-11-14T13:42:12+00:00","dateModified":"2019-04-12T19:31:09+00:00","description":"We are CONOPO - Pemon language word whose meaning is RAIN - the water for creation, the birth and development of ideas for your project...","breadcrumb":{"@id":"https:\/\/conopo.com.ve\/site\/conopo\/#breadcrumb"},"inLanguage":"es","potentialAction":[{"@type":"ReadAction","target":["https:\/\/conopo.com.ve\/site\/conopo\/"]}]},{"@type":"BreadcrumbList","@id":"https:\/\/conopo.com.ve\/site\/conopo\/#breadcrumb","itemListElement":[{"@type":"ListItem","position":1,"name":"Portada","item":"https:\/\/conopo.com.ve\/site\/"},{"@type":"ListItem","position":2,"name":"CONOPO"}]},{"@type":"WebSite","@id":"https:\/\/conopo.com.ve\/site\/#website","url":"https:\/\/conopo.com.ve\/site\/","name":"CONOPO","description":"Design and Advertising","publisher":{"@id":"https:\/\/conopo.com.ve\/site\/#organization"},"potentialAction":[{"@type":"SearchAction","target":{"@type":"EntryPoint","urlTemplate":"https:\/\/conopo.com.ve\/site\/?s={search_term_string}"},"query-input":"required name=search_term_string"}],"inLanguage":"es"},{"@type":"Organization","@id":"https:\/\/conopo.com.ve\/site\/#organization","name":"CONOPO Dise\u00f1o y Publicidad","url":"https:\/\/conopo.com.ve\/site\/","logo":{"@type":"ImageObject","inLanguage":"es","@id":"https:\/\/conopo.com.ve\/site\/#\/schema\/logo\/image\/","url":"https:\/\/conopo.com.ve\/site\/wp-content\/uploads\/2019\/01\/CONOPO.jpg","contentUrl":"https:\/\/conopo.com.ve\/site\/wp-content\/uploads\/2019\/01\/CONOPO.jpg","width":1182,"height":1182,"caption":"CONOPO Dise\u00f1o y Publicidad"},"image":{"@id":"https:\/\/conopo.com.ve\/site\/#\/schema\/logo\/image\/"},"sameAs":["https:\/\/www.facebook.com\/conopo\/","https:\/\/www.instagram.com\/conopo_ca\/"]}]}},"jetpack_sharing_enabled":true,"jetpack_shortlink":"https:\/\/wp.me\/P9lUXh-1W","_links":{"self":[{"href":"https:\/\/conopo.com.ve\/site\/wp-json\/wp\/v2\/pages\/120"}],"collection":[{"href":"https:\/\/conopo.com.ve\/site\/wp-json\/wp\/v2\/pages"}],"about":[{"href":"https:\/\/conopo.com.ve\/site\/wp-json\/wp\/v2\/types\/page"}],"author":[{"embeddable":true,"href":"https:\/\/conopo.com.ve\/site\/wp-json\/wp\/v2\/users\/1"}],"replies":[{"embeddable":true,"href":"https:\/\/conopo.com.ve\/site\/wp-json\/wp\/v2\/comments?post=120"}],"version-history":[{"count":9,"href":"https:\/\/conopo.com.ve\/site\/wp-json\/wp\/v2\/pages\/120\/revisions"}],"predecessor-version":[{"id":1314,"href":"https:\/\/conopo.com.ve\/site\/wp-json\/wp\/v2\/pages\/120\/revisions\/1314"}],"wp:featuredmedia":[{"embeddable":true,"href":"https:\/\/conopo.com.ve\/site\/wp-json\/wp\/v2\/media\/609"}],"wp:attachment":[{"href":"https:\/\/conopo.com.ve\/site\/wp-json\/wp\/v2\/media?parent=120"}],"curies":[{"name":"wp","href":"https:\/\/api.w.org\/{rel}","templated":true}]}}